{"id":7,"date":"2023-12-29T11:19:13","date_gmt":"2023-12-29T10:19:13","guid":{"rendered":"https:\/\/bretagne.wordcamp.org\/2024\/schedule\/"},"modified":"2024-09-26T15:24:26","modified_gmt":"2024-09-26T13:24:26","slug":"programme","status":"publish","type":"page","link":"https:\/\/bretagne.wordcamp.org\/2024\/programme\/","title":{"rendered":"Programme"},"content":{"rendered":"\n<section class=\"wp-block-group alignfull has-global-padding is-layout-constrained wp-container-core-group-is-layout-0633c792 wp-block-group-is-layout-constrained\" style=\"padding-top:var(--wp--preset--spacing--50);padding-bottom:var(--wp--preset--spacing--50)\">\n<p class=\"has-text-align-center has-unbounded-font-family has-large-font-size\">D\u00e9couvrez d\u00e8s maintenant le <strong>programme complet<\/strong> du prochain WordCamp Bretagne !<\/p>\n\n\n\n<div class=\"wp-block-columns alignwide are-vertically-aligned-center is-layout-flex wp-container-core-columns-is-layout-5c9a2af1 wp-block-columns-is-layout-flex\" style=\"margin-top:var(--wp--preset--spacing--30)\">\n<div class=\"wp-block-column is-vertically-aligned-center is-layout-flow wp-container-core-column-is-layout-4ab5b23f wp-block-column-is-layout-flow\" style=\"padding-top:var(--wp--preset--spacing--10);padding-bottom:var(--wp--preset--spacing--10)\">\n<div class=\"wp-block-group alignwide has-accent-2-background-color has-background has-global-padding is-layout-constrained wp-container-core-group-is-layout-b753021f wp-block-group-is-layout-constrained\" style=\"border-radius:1rem;min-height:100%;padding-top:3rem;padding-right:var(--wp--preset--spacing--20);padding-bottom:3rem;padding-left:var(--wp--preset--spacing--20)\">\n<figure class=\"wp-block-image aligncenter size-full is-resized\"><img data-recalc-dims=\"1\" loading=\"lazy\" decoding=\"async\" width=\"512\" height=\"512\" src=\"https:\/\/i0.wp.com\/bretagne.wordcamp.org\/2024\/files\/2024\/09\/icone-duotone-telephone-app.png?resize=512%2C512&#038;ssl=1\" alt=\"\" class=\"wp-image-4348\" style=\"width:80px\" srcset=\"https:\/\/i0.wp.com\/bretagne.wordcamp.org\/2024\/files\/2024\/09\/icone-duotone-telephone-app.png?w=512&amp;ssl=1 512w, https:\/\/i0.wp.com\/bretagne.wordcamp.org\/2024\/files\/2024\/09\/icone-duotone-telephone-app.png?resize=300%2C300&amp;ssl=1 300w, https:\/\/i0.wp.com\/bretagne.wordcamp.org\/2024\/files\/2024\/09\/icone-duotone-telephone-app.png?resize=150%2C150&amp;ssl=1 150w\" sizes=\"auto, (max-width: 512px) 100vw, 512px\" \/><\/figure>\n\n\n\n<h2 class=\"wp-block-heading alignwide has-text-align-center is-style-default has-unbounded-font-family\" style=\"margin-top:var(--wp--preset--spacing--10);font-size:clamp(0.984rem, 0.984rem + ((1vw - 0.2rem) * 0.86), 1.5rem);font-style:normal;font-weight:600\"><a href=\"http:\/\/app.wcbzh.fr\" data-type=\"link\" data-id=\"app.wcbzh.fr\" rel=\"nofollow\">T\u00e9l\u00e9chargez l&rsquo;application<\/a> !<\/h2>\n\n\n\n<p class=\"has-text-align-center has-small-font-size\">Vous cherchez un guide pour le WordCamp&nbsp;Bretagne ? <br><strong>Il y a une app pour \u00e7a.<\/strong><\/p>\n<\/div>\n<\/div>\n\n\n\n<div class=\"wp-block-column is-vertically-aligned-center is-layout-flow wp-container-core-column-is-layout-4ab5b23f wp-block-column-is-layout-flow\" style=\"padding-top:var(--wp--preset--spacing--10);padding-bottom:var(--wp--preset--spacing--10)\">\n<div class=\"wp-block-group alignwide has-accent-2-background-color has-background has-global-padding is-layout-constrained wp-container-core-group-is-layout-b753021f wp-block-group-is-layout-constrained\" style=\"border-radius:1rem;min-height:100%;padding-top:3rem;padding-right:var(--wp--preset--spacing--20);padding-bottom:3rem;padding-left:var(--wp--preset--spacing--20)\">\n<figure class=\"wp-block-image aligncenter size-full is-resized\"><img data-recalc-dims=\"1\" loading=\"lazy\" decoding=\"async\" width=\"512\" height=\"512\" src=\"https:\/\/i0.wp.com\/bretagne.wordcamp.org\/2024\/files\/2024\/09\/icone-duotone-lieu.png?resize=512%2C512&#038;ssl=1\" alt=\"\" class=\"wp-image-4178\" style=\"width:80px\" srcset=\"https:\/\/i0.wp.com\/bretagne.wordcamp.org\/2024\/files\/2024\/09\/icone-duotone-lieu.png?w=512&amp;ssl=1 512w, https:\/\/i0.wp.com\/bretagne.wordcamp.org\/2024\/files\/2024\/09\/icone-duotone-lieu.png?resize=300%2C300&amp;ssl=1 300w, https:\/\/i0.wp.com\/bretagne.wordcamp.org\/2024\/files\/2024\/09\/icone-duotone-lieu.png?resize=150%2C150&amp;ssl=1 150w\" sizes=\"auto, (max-width: 512px) 100vw, 512px\" \/><\/figure>\n\n\n\n<h2 class=\"wp-block-heading alignwide has-text-align-center is-style-default has-unbounded-font-family\" style=\"margin-top:var(--wp--preset--spacing--10);font-size:clamp(0.984rem, 0.984rem + ((1vw - 0.2rem) * 0.86), 1.5rem);font-style:normal;font-weight:600\"><a href=\"https:\/\/bretagne.wordcamp.org\/2024\/infos-pratiques\/\" data-type=\"page\" data-id=\"18\"><\/a><a href=\"https:\/\/bretagne.wordcamp.org\/2024\/infos-pratiques\/\">Infos pratiques<\/a><\/h2>\n\n\n\n<p class=\"has-text-align-center has-small-font-size\">Retrouvez toutes les <strong>informations pratiques<\/strong> sur l&rsquo;\u00e9v\u00e9nement WordCamp&nbsp;Bretagne.<\/p>\n<\/div>\n<\/div>\n<\/div>\n\n\n\n<div class=\"wp-block-group alignwide is-layout-flow wp-block-group-is-layout-flow\">\n<h2 class=\"wp-block-heading has-large-font-size\">26 septembre 2024<\/h2>\n\n\n\n<div class=\"wp-block-group has-border-radius-20 is-overflow-hidden has-border-color is-layout-flow wp-container-core-group-is-layout-9b635ac4 wp-block-group-is-layout-flow\" style=\"border-color:#111111;border-width:2px\">\n<div class=\"wp-block-group is-display-at-desktop is-content-justification-center is-nowrap is-layout-flex wp-container-core-group-is-layout-8005a382 wp-block-group-is-layout-flex\" style=\"border-bottom-color:var(--wp--preset--color--contrast);border-bottom-style:solid;border-bottom-width:2px;padding-top:var(--wp--preset--spacing--10);padding-bottom:var(--wp--preset--spacing--10)\">\n<p class=\"has-unbounded-font-family\" style=\"font-size:clamp(0.875rem, 0.875rem + ((1vw - 0.2rem) * 0.208), 1rem);font-style:normal;font-weight:700\">Le Poool<\/p>\n<\/div>\n\n\n\n<div class=\"wp-block-group has-font-size-h4 has-large-font-size is-layout-flow wp-block-group-is-layout-flow\" style=\"margin-top:0;padding-top:var(--wp--preset--spacing--40);padding-right:var(--wp--preset--spacing--40);padding-bottom:var(--wp--preset--spacing--40);padding-left:var(--wp--preset--spacing--40)\">\n<h3 class=\"wp-block-heading has-text-align-center has-font-size-h4 has-large-font-size\" style=\"margin-top:0\"><a href=\"https:\/\/bretagne.wordcamp.org\/2024\/journee-contribution-wordpress-26-septembre-2024\/\" data-type=\"post\" data-id=\"2296\">Journ\u00e9e de contribution \u00e0 WordPress<\/a><\/h3>\n\n\n\n<div class=\"wp-block-group has-small-font-size has-global-padding is-layout-constrained wp-container-core-group-is-layout-dd8a18b6 wp-block-group-is-layout-constrained\">\n<p class=\"has-text-align-center has-small-font-size\">9 h 30 &#8211; 17 h 30<\/p>\n\n\n\n<div class=\"wp-block-group is-layout-flow wp-container-core-group-is-layout-a77db08e wp-block-group-is-layout-flow\">\n<p class=\"has-text-align-center\"><strong>Le Poool&nbsp;\u2013&nbsp;French Tech Rennes Saint-Malo<\/strong><\/p>\n\n\n\n<p class=\"has-text-align-center\">2 rue de la Mabilais&nbsp;\u2013&nbsp;Salle Java \u00e0 Rennes.<\/p>\n<\/div>\n\n\n\n<div class=\"wp-block-buttons has-custom-font-size has-small-font-size is-content-justification-center is-layout-flex wp-container-core-buttons-is-layout-a89b3969 wp-block-buttons-is-layout-flex\">\n<div class=\"wp-block-button is-style-outline is-style-outline--1\"><a class=\"wp-block-button__link wp-element-button\" href=\"https:\/\/bretagne.wordcamp.org\/2024\/journee-contribution-wordpress-26-septembre-2024\/\">En savoir plus<\/a><\/div>\n\n\n\n<div class=\"wp-block-button\"><a class=\"wp-block-button__link wp-element-button\" href=\"https:\/\/docs.google.com\/forms\/d\/e\/1FAIpQLSdiwoRwNa5VU397W1VaCypEbOuW_KnskKgeV8VPgBO84IUEfw\/viewform\" target=\"_blank\" rel=\"noreferrer noopener nofollow\">Je m&rsquo;inscris<\/a><\/div>\n<\/div>\n<\/div>\n\n\n\n<div class=\"wp-block-group is-hidden-at-desktop is-content-justification-center is-nowrap is-layout-flex wp-container-core-group-is-layout-23441af8 wp-block-group-is-layout-flex\">\n<p class=\"has-text-align-center has-contrast-color has-accent-2-background-color has-text-color has-background has-link-color has-unbounded-font-family wp-elements-3c62fb80703d4f59e6ab200f3b273a83\" style=\"border-radius:0.25rem;padding-top:0.25em;padding-right:0.75em;padding-bottom:0.25em;padding-left:0.75em;font-size:0.75rem;font-style:normal;font-weight:400\">Le Poool<\/p>\n<\/div>\n<\/div>\n<\/div>\n<\/div>\n\n\n\n<div class=\"wp-block-group alignwide is-layout-flow wp-container-core-group-is-layout-19eabfb7 wp-block-group-is-layout-flow\">\n<div\n\tclass=\"wp-block-wordcamp-schedule alignwide is-loading\"\n\t\tdata-attributes=\"{&quot;__isStylesPreview&quot;:false,&quot;align&quot;:&quot;wide&quot;,&quot;chooseSpecificDays&quot;:true,&quot;chosenDays&quot;:[&quot;2024-09-27&quot;],&quot;chooseSpecificTracks&quot;:true,&quot;chosenTrackIds&quot;:[25,26],&quot;showCategories&quot;:false,&quot;useClientTimezone&quot;:false,&quot;className&quot;:&quot;is-style-default&quot;}\"\n>\n\tChargement&#8230;<\/div>\n\n\n\t<div class=\"email-form fav-session-email-form-hide\">\n\t\t<!-- Tab links -->\n\t\t<div class=\"fav-session-share-tab\">\n\t\t\t\t\t\t\t<div class=\"fav-session-tablinks\" id=\"fav-session-btn-email\">\n\t\t\t\t\tE-mail\t\t\t\t<\/div>\n\t\t\t\n\t\t\t<div class=\"fav-session-tablinks\" id=\"fav-session-btn-link\">\n\t\t\t\tLien\t\t\t<\/div>\n\n\t\t\t<div class=\"fav-session-tablinks\" id=\"fav-session-btn-print\">\n\t\t\t\tImprimer\t\t\t<\/div>\n\t\t<\/div>\n\n\t\t<!-- Tab content -->\n\t\t\t\t\t<div id=\"fav-session-tab-email\" class=\"fav-session-share-tabcontent\">\n\t\t\t\t<div id=\"fav-session-email-form\">\n\t\t\t\t\tM\u2019envoyer mes sessions favorites\u00a0:\n\t\t\t\t\t<form id=\"fav-sessions-form\">\n\t\t\t\t\t\t<input\n\t\t\t\t\t\t\ttype=\"text\"\n\t\t\t\t\t\t\tname=\"email_address\"\n\t\t\t\t\t\t\tid=\"fav-sessions-email-address\"\n\t\t\t\t\t\t\tplaceholder=\"me@protonmail.com\"\n\t\t\t\t\t\t\/>\n\t\t\t\t\t\t<input type=\"submit\" value=\"Envoyer\" \/>\n\t\t\t\t\t<\/form>\n\t\t\t\t<\/div>\n\n\t\t\t\t<div class=\"fav-session-email-wait-spinner\"><\/div>\n\t\t\t\t<div class=\"fav-session-email-result\"><\/div>\n\t\t\t<\/div>\n\t\t\n\t\t<div id=\"fav-session-tab-link\" class=\"fav-session-share-tabcontent\">\n\t\t\tLien partageable\u00a0:\t\t\t<br \/>\n\t\t\t<a id=\"fav-sessions-link\" href=\"\"><\/a>\n\t\t<\/div>\n\n\t\t<div id=\"fav-session-tab-print\" class=\"fav-session-share-tabcontent\">\n\t\t\t<button id=\"fav-session-print\">\n\t\t\t\tAfficher les sessions favorites\t\t\t<\/button>\n\t\t<\/div>\n\t<\/div>\n\n\t<a class=\"show-email-form\" href=\"javascript:\">\n\t\t<span class=\"dashicons dashicons-star-filled\"><\/span>\n\t\t<span class=\"dashicons dashicons-email-alt\"><\/span>\n\t<\/a>\n\n\t\n\n\n<div class=\"wp-block-group has-border-radius-20 is-overflow-hidden has-border-color has-contrast-border-color is-layout-flow wp-container-core-group-is-layout-9b635ac4 wp-block-group-is-layout-flow\" style=\"border-style:solid;border-width:2px\">\n<div class=\"wp-block-group is-display-at-desktop has-accent-2-background-color has-background is-content-justification-center is-nowrap is-layout-flex wp-container-core-group-is-layout-8005a382 wp-block-group-is-layout-flex\" style=\"border-bottom-color:var(--wp--preset--color--contrast);border-bottom-style:solid;border-bottom-width:2px;padding-top:var(--wp--preset--spacing--10);padding-bottom:var(--wp--preset--spacing--10)\">\n<p class=\"has-unbounded-font-family\" style=\"font-size:clamp(0.875rem, 0.875rem + ((1vw - 0.2rem) * 0.208), 1rem);font-style:normal;font-weight:700\">Couvent des Jacobins<\/p>\n<\/div>\n\n\n\n<div class=\"wp-block-group has-font-size-h4 has-large-font-size is-layout-flow wp-block-group-is-layout-flow\" style=\"margin-top:0;padding-top:var(--wp--preset--spacing--40);padding-right:var(--wp--preset--spacing--40);padding-bottom:var(--wp--preset--spacing--40);padding-left:var(--wp--preset--spacing--40)\">\n<h3 class=\"wp-block-heading has-text-align-center has-font-size-h4 has-large-font-size\" style=\"margin-top:0\">After Party<\/h3>\n\n\n\n<div class=\"wp-block-group has-small-font-size has-global-padding is-layout-constrained wp-container-core-group-is-layout-dd8a18b6 wp-block-group-is-layout-constrained\">\n<p class=\"has-text-align-center has-small-font-size\">20 h 00 &#8211; 00 h 00<\/p>\n\n\n\n<div class=\"wp-block-group is-layout-flow wp-container-core-group-is-layout-a77db08e wp-block-group-is-layout-flow\">\n<p class=\"has-text-align-center\"><strong>Apr\u00e8s d\u00eener, revenez au couvent !<\/strong><\/p>\n<\/div>\n\n\n\n<div class=\"wp-block-group is-hidden-at-desktop is-content-justification-center is-nowrap is-layout-flex wp-container-core-group-is-layout-23441af8 wp-block-group-is-layout-flex\">\n<p class=\"has-text-align-center has-contrast-color has-accent-2-background-color has-text-color has-background has-link-color has-unbounded-font-family wp-elements-0f2744da4cbeed360f54077d07951cca\" style=\"border-radius:0.25rem;padding-top:0.25em;padding-right:0.75em;padding-bottom:0.25em;padding-left:0.75em;font-size:0.75rem;font-style:normal;font-weight:400\">Couvent des Jacobins<\/p>\n<\/div>\n<\/div>\n<\/div>\n<\/div>\n<\/div>\n\n\n\n<div class=\"wp-block-group alignwide has-global-padding is-layout-constrained wp-container-core-group-is-layout-a099c240 wp-block-group-is-layout-constrained\">\n<h2 class=\"wp-block-heading has-text-align-center has-large-font-size\" style=\"font-style:normal;font-weight:400;line-height:1.5\">Pas mal non ? <strong>C&rsquo;est breton.<\/strong> <\/h2>\n\n\n\n<p class=\"has-text-align-center\">Nous attendons <strong>pr\u00e8s de 400 participantes et participants<\/strong> au tout premier WordCamp Bretagne ! Au total, il y aura pr\u00e8s de <strong>20 conf\u00e9rences<\/strong> \u00e0 suivre tout au long de la journ\u00e9e. Si ce n&rsquo;est pas d\u00e9j\u00e0 trop tard, n\u2019oubliez pas de <strong>r\u00e9server<\/strong> vos billets !<\/p>\n\n\n\n<div class=\"wp-block-buttons is-content-justification-center is-layout-flex wp-container-core-buttons-is-layout-d2a3880e wp-block-buttons-is-layout-flex\" style=\"margin-top:var(--wp--preset--spacing--30)\">\n<div class=\"wp-block-button\"><a class=\"wp-block-button__link wp-element-button\" href=\"https:\/\/bretagne.wordcamp.org\/2024\/billetterie\/\">Je prends mon billet<\/a><\/div>\n\n\n\n<div class=\"wp-block-button is-style-outline is-style-outline--2\"><a class=\"wp-block-button__link wp-element-button\" href=\"https:\/\/bretagne.wordcamp.org\/2024\/lieu\/\">Voir le lieu<\/a><\/div>\n<\/div>\n<\/div>\n<\/section>\n","protected":false},"excerpt":{"rendered":"<p>D\u00e9couvrez d\u00e8s maintenant le programme complet du prochain WordCamp Bretagne ! T\u00e9l\u00e9chargez l&rsquo;application ! Vous cherchez un guide pour le WordCamp&nbsp;Bretagne ? Il y a une app pour \u00e7a. Infos pratiques Retrouvez toutes les informations pratiques sur l&rsquo;\u00e9v\u00e9nement WordCamp&nbsp;Bretagne. 26 septembre 2024 Le Poool Journ\u00e9e de contribution \u00e0 WordPress 9 h 30 &#8211; 17 h [&hellip;]<\/p>\n","protected":false},"author":2913778,"featured_media":3322,"parent":0,"menu_order":0,"comment_status":"closed","ping_status":"closed","template":"","meta":{"advanced_seo_description":"","jetpack_seo_html_title":"","jetpack_seo_noindex":false,"jetpack_post_was_ever_published":true,"footnotes":""},"class_list":["post-7","page","type-page","status-publish","has-post-thumbnail","hentry"],"jetpack_sharing_enabled":true,"_links":{"self":[{"href":"https:\/\/bretagne.wordcamp.org\/2024\/wp-json\/wp\/v2\/pages\/7","targetHints":{"allow":["GET"]}}],"collection":[{"href":"https:\/\/bretagne.wordcamp.org\/2024\/wp-json\/wp\/v2\/pages"}],"about":[{"href":"https:\/\/bretagne.wordcamp.org\/2024\/wp-json\/wp\/v2\/types\/page"}],"author":[{"embeddable":true,"href":"https:\/\/bretagne.wordcamp.org\/2024\/wp-json\/wp\/v2\/users\/2913778"}],"replies":[{"embeddable":true,"href":"https:\/\/bretagne.wordcamp.org\/2024\/wp-json\/wp\/v2\/comments?post=7"}],"version-history":[{"count":39,"href":"https:\/\/bretagne.wordcamp.org\/2024\/wp-json\/wp\/v2\/pages\/7\/revisions"}],"predecessor-version":[{"id":4350,"href":"https:\/\/bretagne.wordcamp.org\/2024\/wp-json\/wp\/v2\/pages\/7\/revisions\/4350"}],"wp:featuredmedia":[{"embeddable":true,"href":"https:\/\/bretagne.wordcamp.org\/2024\/wp-json\/wp\/v2\/media\/3322"}],"wp:attachment":[{"href":"https:\/\/bretagne.wordcamp.org\/2024\/wp-json\/wp\/v2\/media?parent=7"}],"curies":[{"name":"wp","href":"https:\/\/api.w.org\/{rel}","templated":true}]}}