{"id":18,"date":"2023-12-29T11:19:13","date_gmt":"2023-12-29T10:19:13","guid":{"rendered":"https:\/\/bretagne.wordcamp.org\/2024\/offline\/"},"modified":"2024-09-24T16:49:41","modified_gmt":"2024-09-24T14:49:41","slug":"infos-pratiques","status":"publish","type":"page","link":"https:\/\/bretagne.wordcamp.org\/2024\/infos-pratiques\/","title":{"rendered":"Infos pratiques"},"content":{"rendered":"\n<section class=\"wp-block-group alignfull is-layout-flow wp-block-group-is-layout-flow\" style=\"padding-top:var(--wp--preset--spacing--40);padding-bottom:var(--wp--preset--spacing--40)\">\n<div class=\"wp-block-group has-global-padding is-layout-constrained wp-block-group-is-layout-constrained\">\n<p class=\"has-text-align-center has-unbounded-font-family has-large-font-size\" style=\"margin-bottom:var(--wp--preset--spacing--50)\">Le <strong>WordCamp Bretagne<\/strong> approche rapidement ! Voici toutes les <strong>informations<\/strong> pratiques pour cet \u00e9v\u00e9nement unique.<\/p>\n\n\n\n<h1 class=\"wp-block-heading has-x-large-font-size\">Deux \u00e9v\u00e9nements<\/h1>\n\n\n\n<p>Il y a <strong>deux \u00e9v\u00e9nements distincts<\/strong> :<\/p>\n\n\n\n<ul class=\"wp-block-list\">\n<li>La<strong> Journ\u00e9e de contribution<\/strong> le jeudi 26 septembre, au Poool \u00e0 Rennes : cet \u00e9v\u00e9nement n\u00e9cessite une inscription sp\u00e9cifique. Si vous souhaitez y participer, <a href=\"https:\/\/docs.google.com\/forms\/d\/e\/1FAIpQLSdiwoRwNa5VU397W1VaCypEbOuW_KnskKgeV8VPgBO84IUEfw\/viewform\" target=\"_blank\" rel=\"noreferrer noopener\">n&rsquo;oubliez pas de vous inscrire ici<\/a>.<\/li>\n\n\n\n<li>Le<strong> WordCamp Bretagne<\/strong> le vendredi 27 septembre, au Couvent des Jacobins \u00e0 Rennes : le billet pour le WordCamp Bretagne<strong> ne donne pas acc\u00e8s \u00e0 la Journ\u00e9e de contribution<\/strong>. De m\u00eame, votre inscription \u00e0 la Journ\u00e9e de contribution<strong> ne vous donne pas acc\u00e8s au WordCamp<\/strong>.<\/li>\n<\/ul>\n\n\n\n<p>Les deux \u00e9v\u00e9nements sont <strong>ind\u00e9pendants<\/strong> et n\u00e9cessitent des <strong>inscriptions s\u00e9par\u00e9es.<\/strong><\/p>\n\n\n\n<div class=\"wp-block-columns alignwide is-layout-flex wp-container-core-columns-is-layout-a5cf46d6 wp-block-columns-is-layout-flex\" style=\"margin-bottom:var(--wp--preset--spacing--40)\">\n<div class=\"wp-block-column is-layout-flow wp-block-column-is-layout-flow\">\n<div class=\"wp-block-group has-border-radius-20 has-border-color has-base-2-border-color has-global-padding is-layout-constrained wp-container-core-group-is-layout-52009084 wp-block-group-is-layout-constrained\" style=\"border-style:solid;border-width:2px;min-height:100%;padding-top:var(--wp--preset--spacing--40);padding-right:var(--wp--preset--spacing--40);padding-bottom:var(--wp--preset--spacing--40);padding-left:var(--wp--preset--spacing--40)\">\n<h2 class=\"wp-block-heading has-large-font-size\">Journ\u00e9e de contribution<\/h2>\n\n\n\n<div class=\"wp-block-group is-vertical is-layout-flex wp-container-core-group-is-layout-98fc2291 wp-block-group-is-layout-flex\">\n<p class=\"has-text-align-left has-unbounded-font-family\" style=\"font-size:0.63rem;font-style:normal;font-weight:400;letter-spacing:0.1em;text-transform:uppercase\">Date<\/p>\n\n\n\n<p style=\"font-style:normal;font-weight:500\"><strong>Jeudi 26 septembre 2024<\/strong><\/p>\n\n\n\n<p class=\"has-small-font-size\">9h30 \u2013 16h30<\/p>\n<\/div>\n\n\n\n<div class=\"wp-block-group is-vertical is-layout-flex wp-container-core-group-is-layout-98fc2291 wp-block-group-is-layout-flex\">\n<p class=\"has-text-align-left has-unbounded-font-family\" style=\"font-size:0.63rem;font-style:normal;font-weight:400;letter-spacing:0.1em;text-transform:uppercase\">Lieu<\/p>\n\n\n\n<p style=\"font-style:normal;font-weight:500\"><strong>Le Poool, Salle JAVA<\/strong><\/p>\n\n\n\n<p class=\"has-small-font-size\">2 rue de la Mabilais <br>35000 Rennes, France<\/p>\n<\/div>\n\n\n\n<div class=\"wp-block-group has-small-font-size is-vertical is-layout-flex wp-container-core-group-is-layout-4b827052 wp-block-group-is-layout-flex\">\n<p>Le Pool : <a href=\"https:\/\/lepoool.tech\" target=\"_blank\" rel=\"noreferrer noopener nofollow\">https:\/\/lepoool.tech<\/a><\/p>\n\n\n\n<p>Voir sur Google Maps : <a href=\"https:\/\/maps.app.goo.gl\/cubBMvLZ1ELCqXLb6\" target=\"_blank\" rel=\"noreferrer noopener nofollow\">https:\/\/maps.app.goo.gl\/cubBMvLZ1ELCqXLb6<\/a><\/p>\n<\/div>\n<\/div>\n<\/div>\n\n\n\n<div class=\"wp-block-column is-layout-flow wp-block-column-is-layout-flow\">\n<div class=\"wp-block-group has-border-radius-20 has-border-color has-base-2-border-color has-global-padding is-layout-constrained wp-container-core-group-is-layout-52009084 wp-block-group-is-layout-constrained\" style=\"border-style:solid;border-width:2px;min-height:100%;padding-top:var(--wp--preset--spacing--40);padding-right:var(--wp--preset--spacing--40);padding-bottom:var(--wp--preset--spacing--40);padding-left:var(--wp--preset--spacing--40)\">\n<h2 class=\"wp-block-heading has-large-font-size\">WordCamp Bretagne<\/h2>\n\n\n\n<div class=\"wp-block-group is-vertical is-layout-flex wp-container-core-group-is-layout-98fc2291 wp-block-group-is-layout-flex\">\n<p class=\"has-text-align-left has-unbounded-font-family\" style=\"font-size:0.63rem;font-style:normal;font-weight:400;letter-spacing:0.1em;text-transform:uppercase\">Date<\/p>\n\n\n\n<p style=\"font-style:normal;font-weight:500\"><strong>Vendredi 27 septembre 2024<\/strong><\/p>\n\n\n\n<p class=\"has-small-font-size\">8h00 \u2013 18h30 (After : 20h \u2013 00h)<\/p>\n<\/div>\n\n\n\n<div class=\"wp-block-group is-vertical is-layout-flex wp-container-core-group-is-layout-98fc2291 wp-block-group-is-layout-flex\">\n<p class=\"has-text-align-left has-unbounded-font-family\" style=\"font-size:0.63rem;font-style:normal;font-weight:400;letter-spacing:0.1em;text-transform:uppercase\">Lieu<\/p>\n\n\n\n<p style=\"font-style:normal;font-weight:500\"><strong>Couvent des Jacobins, Centre des Congr\u00e8s de Rennes M\u00e9tropole<\/strong><\/p>\n\n\n\n<p class=\"has-small-font-size\">20 Place Sainte-Anne<br>35000 Rennes, France<\/p>\n<\/div>\n\n\n\n<div class=\"wp-block-group has-small-font-size is-vertical is-layout-flex wp-container-core-group-is-layout-4b827052 wp-block-group-is-layout-flex\">\n<p>Le Couvent des Jacobins : <a href=\"https:\/\/www.centre-congres-rennes.fr\/\" target=\"_blank\" rel=\"noreferrer noopener nofollow\">https:\/\/www.centre-congres-rennes.fr\/<\/a><\/p>\n\n\n\n<p>Voir sur Google Maps : <a href=\"https:\/\/maps.app.goo.gl\/v9wj5B14GaECGywc7\" target=\"_blank\" rel=\"noreferrer noopener nofollow\">https:\/\/maps.app.goo.gl\/v9wj5B14GaECGywc7<\/a><\/p>\n<\/div>\n<\/div>\n<\/div>\n<\/div>\n\n\n\n<h2 class=\"wp-block-heading\"><strong>\u00c0 quelle heure arriver ?<\/strong><\/h2>\n\n\n\n<p>Le WordCamp Bretagne commence \u00e0 <strong>8h<\/strong> avec un petit-d\u00e9jeuner d&rsquo;accueil, les remarques d&rsquo;ouverture \u00e0 <strong>9h<\/strong> puis la premi\u00e8re conf\u00e9rence \u00e0 <strong>9h15<\/strong>.<\/p>\n\n\n\n<h2 class=\"wp-block-heading\">Comment et o\u00f9 se garer \u00e0 Rennes ?<\/h2>\n\n\n\n<p>Se garer \u00e0 Rennes peut \u00eatre un sujet d\u00e9licat, surtout en centre-ville o\u00f9 les parkings sont nombreux mais souvent payants. Les parkings centraux tels que <strong>De Gaulle<\/strong>, <strong>Hoche<\/strong> ou <strong>Lices<\/strong> sont s\u00fbrs mais repr\u00e9sentent un certain budget. Si vous optez pour un parc relais, <strong>attention \u00e0 ne pas d\u00e9passer 1h du matin (2h le week-end)<\/strong>, sous peine de recevoir une amende automatique.<\/p>\n\n\n\n<p>Pour \u00e9viter les frais de parking, il existe des alternatives. Par exemple, dans le quartier du <strong>m\u00e9tro Jacques Cartier<\/strong>, certaines rues tranquilles ne sont pas encore largement connues et n&rsquo;ont pas de parcm\u00e8tre. Il est possible d\u2019y stationner gratuitement pendant 48h ou 72h sans bouger.<\/p>\n\n\n\n<p>Pour la journ\u00e9e de contribution, nous recommandons de vous garer de <strong>l&rsquo;autre c\u00f4t\u00e9 de la Vilaine<\/strong>, dans le quartier en face du <strong>Th\u00e9\u00e2tre de la Paillette<\/strong>. Les rues comme la rue <strong>Tournemine<\/strong> ou la rue <strong>Marceau<\/strong> sont encore gratuites et se trouvent \u00e0 seulement 5 minutes \u00e0 pied du lieu de l&rsquo;\u00e9v\u00e9nement. Cependant, la disponibilit\u00e9 des places peut varier en fonction de l&rsquo;heure d&rsquo;arriv\u00e9e.<\/p>\n\n\n\n<p>Pour plus d\u2019informations, vous pouvez consulter le site officiel de la ville de Rennes sur le stationnement : <a href=\"https:\/\/metropole.rennes.fr\/le-stationnement-rennes\" target=\"_blank\" rel=\"noreferrer noopener\">metropole.rennes.fr<\/a> ou utiliser <a href=\"https:\/\/www.c-park.fr\" target=\"_blank\" rel=\"noreferrer noopener\">c-park.fr<\/a> pour trouver un parking disponible.<\/p>\n\n\n\n<h2 class=\"wp-block-heading\"><strong>Y&rsquo;a t-il des billets<\/strong> pour entrer au Couvent ?<\/h2>\n\n\n\n<p>I<strong>l n&rsquo;y a pas besoin de billet physique, ni num\u00e9rique<\/strong>. Il suffira de vous <strong>pr\u00e9senter \u00e0 l&rsquo;accueil <\/strong>avec votre nom et votre pr\u00e9nom et nous vous confierons un badge pour assister \u00e0 l&rsquo;ensemble de l&rsquo;\u00e9v\u00e8nement. <strong>Pr\u00e9sentez-vous \u00e0 partir de 8h<\/strong> pour r\u00e9cup\u00e9rer votre <strong>badge d\u2019acc\u00e8s<\/strong>, puis rejoignez la <strong>grande Halle<\/strong>, \u00e0 l&rsquo;\u00e9tage, pour rencontrer les <strong>sponsors<\/strong> autour d\u2019un <strong>petit-d\u00e9jeuner convivial<\/strong>.<\/p>\n\n\n\n<h2 class=\"wp-block-heading\"><strong>Comment se d\u00e9roule la journ\u00e9e du WordCamp ?<\/strong><\/h2>\n\n\n\n<p>Les deux principales salles accueilleront <strong>17 conf\u00e9rences<\/strong>, une <strong>\u00ab\u00a0battle\u00a0\u00bb<\/strong> autour du FSE et <strong>une table ronde<\/strong>. La <strong>nef amphith\u00e9\u00e2tre de 400 places <\/strong>accueillera les conf\u00e9rences g\u00e9n\u00e9rales et <strong>les Dortoirs <\/strong>(on a enlev\u00e9 les lits) <strong>de 150 places<\/strong>, les conf\u00e9rences techniques<\/p>\n\n\n\n<p><strong>La Halle<\/strong> <strong>1<\/strong> \u00e0 l&rsquo;\u00e9tage sera le lieu central pour les \u00e9changes avec les <strong>sponsors<\/strong>, la <strong>restauration<\/strong> et le vestiaire pour la journ\u00e9e.<\/p>\n\n\n\n<p>Vous pourrez \u00e9galement profiter du <strong>clo\u00eetre<\/strong> et des <strong>galeries<\/strong> pour vous d\u00e9tendre et vous promener. Cela sera le lieu de l&rsquo;<strong>After<\/strong>. Le vestiaire pour l&rsquo;After se situera dans <strong>l&rsquo;Atrium<\/strong>.<\/p>\n\n\n\n<p>Les pauses auront lieu \u00e0 <strong>10h30<\/strong> et <strong>16h20<\/strong>, et le d\u00e9jeuner de <strong>12h45 \u00e0 14h10<\/strong>.<\/p>\n\n\n\n<div class=\"wp-block-buttons is-layout-flex wp-block-buttons-is-layout-flex\">\n<div class=\"wp-block-button\"><a class=\"wp-block-button__link wp-element-button\" href=\"https:\/\/bretagne.wordcamp.org\/2024\/programme\/\">Voir le programme<\/a><\/div>\n<\/div>\n\n\n\n<h2 class=\"wp-block-heading\">Le plan<\/h2>\n\n\n\n<p>Rien de tel qu&rsquo;un petit plan du lieu pour se rep\u00e9rer.<\/p>\n\n\n\n<div class=\"wp-block-columns is-layout-flex wp-container-core-columns-is-layout-28f84493 wp-block-columns-is-layout-flex\">\n<div class=\"wp-block-column is-layout-flow wp-block-column-is-layout-flow\">\n<figure data-wp-context=\"{&quot;imageId&quot;:&quot;69d9d51ea3323&quot;}\" data-wp-interactive=\"core\/image\" data-wp-key=\"69d9d51ea3323\" class=\"wp-block-image size-large has-border-radius-20 is-overflow-hidden wp-lightbox-container\"><img data-recalc-dims=\"1\" loading=\"lazy\" decoding=\"async\" width=\"1024\" height=\"683\" data-wp-class--hide=\"state.isContentHidden\" data-wp-class--show=\"state.isContentVisible\" data-wp-init=\"callbacks.setButtonStyles\" data-wp-on--click=\"actions.showLightbox\" data-wp-on--load=\"callbacks.setButtonStyles\" data-wp-on--pointerdown=\"actions.preloadImage\" data-wp-on--pointerenter=\"actions.preloadImageWithDelay\" data-wp-on--pointerleave=\"actions.cancelPreload\" data-wp-on-window--resize=\"callbacks.setButtonStyles\" src=\"https:\/\/i0.wp.com\/bretagne.wordcamp.org\/2024\/files\/2024\/09\/plan-couvent-wordcamp-rdz-v3.png?resize=1024%2C683&#038;ssl=1\" alt=\"Plan du Niveau 0 (rez-de-chaus\u00e9e) du Couvent des Jacobins pour le WordCamp Bretagne 2024\" class=\"wp-image-4290\" srcset=\"https:\/\/i0.wp.com\/bretagne.wordcamp.org\/2024\/files\/2024\/09\/plan-couvent-wordcamp-rdz-v3.png?resize=1024%2C683&amp;ssl=1 1024w, https:\/\/i0.wp.com\/bretagne.wordcamp.org\/2024\/files\/2024\/09\/plan-couvent-wordcamp-rdz-v3.png?resize=300%2C200&amp;ssl=1 300w, https:\/\/i0.wp.com\/bretagne.wordcamp.org\/2024\/files\/2024\/09\/plan-couvent-wordcamp-rdz-v3.png?resize=768%2C512&amp;ssl=1 768w, https:\/\/i0.wp.com\/bretagne.wordcamp.org\/2024\/files\/2024\/09\/plan-couvent-wordcamp-rdz-v3.png?resize=450%2C300&amp;ssl=1 450w, https:\/\/i0.wp.com\/bretagne.wordcamp.org\/2024\/files\/2024\/09\/plan-couvent-wordcamp-rdz-v3.png?resize=1536%2C1024&amp;ssl=1 1536w, https:\/\/i0.wp.com\/bretagne.wordcamp.org\/2024\/files\/2024\/09\/plan-couvent-wordcamp-rdz-v3.png?resize=2048%2C1365&amp;ssl=1 2048w, https:\/\/i0.wp.com\/bretagne.wordcamp.org\/2024\/files\/2024\/09\/plan-couvent-wordcamp-rdz-v3.png?w=3000&amp;ssl=1 3000w\" sizes=\"auto, (max-width: 1000px) 100vw, 1000px\" \/><button\n\t\t\tclass=\"lightbox-trigger\"\n\t\t\ttype=\"button\"\n\t\t\taria-haspopup=\"dialog\"\n\t\t\taria-label=\"Enlarge\"\n\t\t\tdata-wp-init=\"callbacks.initTriggerButton\"\n\t\t\tdata-wp-on--click=\"actions.showLightbox\"\n\t\t\tdata-wp-style--right=\"state.imageButtonRight\"\n\t\t\tdata-wp-style--top=\"state.imageButtonTop\"\n\t\t>\n\t\t\t<svg xmlns=\"http:\/\/www.w3.org\/2000\/svg\" width=\"12\" height=\"12\" fill=\"none\" viewBox=\"0 0 12 12\">\n\t\t\t\t<path fill=\"#fff\" d=\"M2 0a2 2 0 0 0-2 2v2h1.5V2a.5.5 0 0 1 .5-.5h2V0H2Zm2 10.5H2a.5.5 0 0 1-.5-.5V8H0v2a2 2 0 0 0 2 2h2v-1.5ZM8 12v-1.5h2a.5.5 0 0 0 .5-.5V8H12v2a2 2 0 0 1-2 2H8Zm2-12a2 2 0 0 1 2 2v2h-1.5V2a.5.5 0 0 0-.5-.5H8V0h2Z\" \/>\n\t\t\t<\/svg>\n\t\t<\/button><\/figure>\n<\/div>\n\n\n\n<div class=\"wp-block-column is-layout-flow wp-block-column-is-layout-flow\">\n<figure data-wp-context=\"{&quot;imageId&quot;:&quot;69d9d51ea3de5&quot;}\" data-wp-interactive=\"core\/image\" data-wp-key=\"69d9d51ea3de5\" class=\"wp-block-image size-large has-border-radius-20 is-overflow-hidden wp-lightbox-container\"><img data-recalc-dims=\"1\" loading=\"lazy\" decoding=\"async\" width=\"1024\" height=\"683\" data-wp-class--hide=\"state.isContentHidden\" data-wp-class--show=\"state.isContentVisible\" data-wp-init=\"callbacks.setButtonStyles\" data-wp-on--click=\"actions.showLightbox\" data-wp-on--load=\"callbacks.setButtonStyles\" data-wp-on--pointerdown=\"actions.preloadImage\" data-wp-on--pointerenter=\"actions.preloadImageWithDelay\" data-wp-on--pointerleave=\"actions.cancelPreload\" data-wp-on-window--resize=\"callbacks.setButtonStyles\" src=\"https:\/\/i0.wp.com\/bretagne.wordcamp.org\/2024\/files\/2024\/09\/plan-couvent-wordcamp-niveau-1-v3.png?resize=1024%2C683&#038;ssl=1\" alt=\"Plan du Niveau +1 du Couvent des Jacobins pour le WordCamp Bretagne 2024 : les Dortoirs, la salle pour les conf\u00e9rences techniques ; la Halle 1, le grand espace pour les sponsors et la restauration.\" class=\"wp-image-4288\" srcset=\"https:\/\/i0.wp.com\/bretagne.wordcamp.org\/2024\/files\/2024\/09\/plan-couvent-wordcamp-niveau-1-v3.png?resize=1024%2C683&amp;ssl=1 1024w, https:\/\/i0.wp.com\/bretagne.wordcamp.org\/2024\/files\/2024\/09\/plan-couvent-wordcamp-niveau-1-v3.png?resize=300%2C200&amp;ssl=1 300w, https:\/\/i0.wp.com\/bretagne.wordcamp.org\/2024\/files\/2024\/09\/plan-couvent-wordcamp-niveau-1-v3.png?resize=768%2C512&amp;ssl=1 768w, https:\/\/i0.wp.com\/bretagne.wordcamp.org\/2024\/files\/2024\/09\/plan-couvent-wordcamp-niveau-1-v3.png?resize=450%2C300&amp;ssl=1 450w, https:\/\/i0.wp.com\/bretagne.wordcamp.org\/2024\/files\/2024\/09\/plan-couvent-wordcamp-niveau-1-v3.png?resize=1536%2C1024&amp;ssl=1 1536w, https:\/\/i0.wp.com\/bretagne.wordcamp.org\/2024\/files\/2024\/09\/plan-couvent-wordcamp-niveau-1-v3.png?resize=2048%2C1365&amp;ssl=1 2048w, https:\/\/i0.wp.com\/bretagne.wordcamp.org\/2024\/files\/2024\/09\/plan-couvent-wordcamp-niveau-1-v3.png?w=3000&amp;ssl=1 3000w\" sizes=\"auto, (max-width: 1000px) 100vw, 1000px\" \/><button\n\t\t\tclass=\"lightbox-trigger\"\n\t\t\ttype=\"button\"\n\t\t\taria-haspopup=\"dialog\"\n\t\t\taria-label=\"Enlarge\"\n\t\t\tdata-wp-init=\"callbacks.initTriggerButton\"\n\t\t\tdata-wp-on--click=\"actions.showLightbox\"\n\t\t\tdata-wp-style--right=\"state.imageButtonRight\"\n\t\t\tdata-wp-style--top=\"state.imageButtonTop\"\n\t\t>\n\t\t\t<svg xmlns=\"http:\/\/www.w3.org\/2000\/svg\" width=\"12\" height=\"12\" fill=\"none\" viewBox=\"0 0 12 12\">\n\t\t\t\t<path fill=\"#fff\" d=\"M2 0a2 2 0 0 0-2 2v2h1.5V2a.5.5 0 0 1 .5-.5h2V0H2Zm2 10.5H2a.5.5 0 0 1-.5-.5V8H0v2a2 2 0 0 0 2 2h2v-1.5ZM8 12v-1.5h2a.5.5 0 0 0 .5-.5V8H12v2a2 2 0 0 1-2 2H8Zm2-12a2 2 0 0 1 2 2v2h-1.5V2a.5.5 0 0 0-.5-.5H8V0h2Z\" \/>\n\t\t\t<\/svg>\n\t\t<\/button><\/figure>\n<\/div>\n<\/div>\n\n\n\n<div class=\"wp-block-buttons is-layout-flex wp-block-buttons-is-layout-flex\">\n<div class=\"wp-block-button\"><a class=\"wp-block-button__link wp-element-button\" href=\"https:\/\/bretagne.wordcamp.org\/2024\/lieu\/\">Voir le lieu<\/a><\/div>\n<\/div>\n\n\n\n<h2 class=\"wp-block-heading\"><strong>Vous avez dit After ?<\/strong><\/h2>\n\n\n\n<p>Le <strong>WordCamp Bretagne<\/strong> se terminera \u00e0 <strong>18h30<\/strong> avec les remarques de fermeture. Ensuite, <strong>il sera n\u00e9cessaire de quitter le Couvent des Jacobins<\/strong>, le temps pour l&rsquo;\u00e9quipe de pr\u00e9parer l&rsquo;After dans les galeries. Vous pourrez revenir \u00e0 partir de <strong>20h<\/strong> pour profiter de cette soir\u00e9e festive accessible sur inscription. Il suffira de pr\u00e9senter votre badge pour y acc\u00e9der.<\/p>\n\n\n\n<p>M\u00eame si un snacking est pr\u00e9vu, <strong>profitez de cette pause<\/strong> pour vous restaurer, vous d\u00e9tendre et \u00eatre pr\u00eat(es) pour une <strong>ambiance musicale<\/strong> et une <strong>performance surprise originale et tonique<\/strong> !<\/p>\n\n\n\n<h2 class=\"wp-block-heading\"><strong>Infos compl\u00e9mentaires<\/strong><\/h2>\n\n\n\n<p><strong>Des b\u00e9n\u00e9voles seront pr\u00e9sents<\/strong> pour vous assister tout au long de la journ\u00e9e, <strong>reconnaissables \u00e0 leurs polos noirs<\/strong>. Un vestiaire sera mis \u00e0 disposition.<\/p>\n\n\n\n<p>Si vous manquez une conf\u00e9rence, ne vous inqui\u00e9tez pas : toutes les pr\u00e9sentations seront disponibles sur <strong><a href=\"https:\/\/wordpress.tv\">WordPress.tv<\/a><\/strong> apr\u00e8s l&rsquo;\u00e9v\u00e9nement. <a href=\"https:\/\/bretagne.wordcamp.org\/2024\/programme\/\" data-type=\"page\" data-id=\"7\">Pr\u00e9parez votre programme \u00e0 l&rsquo;avance<\/a> sur le site et prenez le temps de faire des pauses pour profiter pleinement de la journ\u00e9e.<\/p>\n\n\n\n<h2 class=\"wp-block-heading\"><strong>Hashtag officiel<\/strong> <\/h2>\n\n\n\n<p>Utilisez <strong>#WCBZH<\/strong> dans les publications que vous partagez sur les r\u00e9seaux sociaux ou pour suivre l&rsquo;actualit\u00e9 en temps r\u00e9el !<\/p>\n<\/div>\n<\/section>\n","protected":false},"excerpt":{"rendered":"<p>Le WordCamp Bretagne approche rapidement ! Voici toutes les informations pratiques pour cet \u00e9v\u00e9nement unique. Deux \u00e9v\u00e9nements Il y a deux \u00e9v\u00e9nements distincts : Les deux \u00e9v\u00e9nements sont ind\u00e9pendants et n\u00e9cessitent des inscriptions s\u00e9par\u00e9es. Journ\u00e9e de contribution Date Jeudi 26 septembre 2024 9h30 \u2013 16h30 Lieu Le Poool, Salle JAVA 2 rue de la Mabilais [&hellip;]<\/p>\n","protected":false},"author":20256579,"featured_media":0,"parent":0,"menu_order":0,"comment_status":"closed","ping_status":"closed","template":"","meta":{"advanced_seo_description":"","jetpack_seo_html_title":"","jetpack_seo_noindex":false,"jetpack_post_was_ever_published":true,"footnotes":""},"class_list":["post-18","page","type-page","status-publish","hentry"],"jetpack_sharing_enabled":true,"_links":{"self":[{"href":"https:\/\/bretagne.wordcamp.org\/2024\/wp-json\/wp\/v2\/pages\/18","targetHints":{"allow":["GET"]}}],"collection":[{"href":"https:\/\/bretagne.wordcamp.org\/2024\/wp-json\/wp\/v2\/pages"}],"about":[{"href":"https:\/\/bretagne.wordcamp.org\/2024\/wp-json\/wp\/v2\/types\/page"}],"author":[{"embeddable":true,"href":"https:\/\/bretagne.wordcamp.org\/2024\/wp-json\/wp\/v2\/users\/20256579"}],"replies":[{"embeddable":true,"href":"https:\/\/bretagne.wordcamp.org\/2024\/wp-json\/wp\/v2\/comments?post=18"}],"version-history":[{"count":48,"href":"https:\/\/bretagne.wordcamp.org\/2024\/wp-json\/wp\/v2\/pages\/18\/revisions"}],"predecessor-version":[{"id":4324,"href":"https:\/\/bretagne.wordcamp.org\/2024\/wp-json\/wp\/v2\/pages\/18\/revisions\/4324"}],"wp:attachment":[{"href":"https:\/\/bretagne.wordcamp.org\/2024\/wp-json\/wp\/v2\/media?parent=18"}],"curies":[{"name":"wp","href":"https:\/\/api.w.org\/{rel}","templated":true}]}}